{"id":8,"date":"2020-02-03T17:47:34","date_gmt":"2020-02-03T16:47:34","guid":{"rendered":"https:\/\/www.marienkaeferbande.de\/?page_id=8"},"modified":"2023-10-13T10:43:14","modified_gmt":"2023-10-13T09:43:14","slug":"ueber-mich","status":"publish","type":"page","link":"https:\/\/www.marienkaeferbande.de\/","title":{"rendered":"Aktuell"},"content":{"rendered":"\n<p>Liebe Eltern, <\/p>\n\n\n\n<p>die Kindertagesbetreuung Marienk\u00e4ferbande hat zum 01.05.2023 geschlossen.<\/p>\n\n\n\n<p>Nach nunmehr genau 11 Jahren widme ich mich einer anderen beruflichen Herausforderung.<\/p>\n\n\n\n<p>Ich m\u00f6chte mich bei allen Kindern und deren Eltern f\u00fcr die sch\u00f6ne Zeit bedanken, die wir gemeinsam verbracht haben und w\u00fcnsche Euch alles erdenklich Gute. <\/p>\n\n\n\n<figure class=\"wp-block-image\"><img src=\"https:\/\/i.pinimg.com\/564x\/89\/09\/71\/890971f5601c8bcc80b48eda3c3d8c3a.jpg\" alt=\"Familie Marienk\u00e4fer Comic, Cartoon, Clipart, Bild, Zeichnung, Illustration gratis\"\/><\/figure>\n\n\n\n<p>Tagesmama&#8230;  ein Ort wo ich willkommen bin, wo ich respektiert werde, wo ich viel  erleben kann, wo ich umsorgt werde, wo ich wachsen darf, wo ich ICH sein  darf&#8230;.. wenn Mama und Papa arbeiten m\u00fcssen. <\/p>\n","protected":false},"excerpt":{"rendered":"<p>Liebe Eltern, die Kindertagesbetreuung Marienk\u00e4ferbande hat zum 01.05.2023 geschlossen. Nach nunmehr genau 11 Jahren widme ich mich einer anderen beruflichen Herausforderung. Ich m\u00f6chte mich bei allen Kindern und deren Eltern f\u00fcr die sch\u00f6ne Zeit bedanken, die wir gemeinsam verbracht haben [&hellip;]<\/p>\n","protected":false},"author":1,"featured_media":0,"parent":0,"menu_order":0,"comment_status":"closed","ping_status":"closed","template":"","meta":[],"_links":{"self":[{"href":"https:\/\/www.marienkaeferbande.de\/index.php?rest_route=\/wp\/v2\/pages\/8"}],"collection":[{"href":"https:\/\/www.marienkaeferbande.de\/index.php?rest_route=\/wp\/v2\/pages"}],"about":[{"href":"https:\/\/www.marienkaeferbande.de\/index.php?rest_route=\/wp\/v2\/types\/page"}],"author":[{"embeddable":true,"href":"https:\/\/www.marienkaeferbande.de\/index.php?rest_route=\/wp\/v2\/users\/1"}],"replies":[{"embeddable":true,"href":"https:\/\/www.marienkaeferbande.de\/index.php?rest_route=%2Fwp%2Fv2%2Fcomments&post=8"}],"version-history":[{"count":6,"href":"https:\/\/www.marienkaeferbande.de\/index.php?rest_route=\/wp\/v2\/pages\/8\/revisions"}],"predecessor-version":[{"id":75,"href":"https:\/\/www.marienkaeferbande.de\/index.php?rest_route=\/wp\/v2\/pages\/8\/revisions\/75"}],"wp:attachment":[{"href":"https:\/\/www.marienkaeferbande.de\/index.php?rest_route=%2Fwp%2Fv2%2Fmedia&parent=8"}],"curies":[{"name":"wp","href":"https:\/\/api.w.org\/{rel}","templated":true}]}}