{"id":33,"date":"2020-02-03T17:56:49","date_gmt":"2020-02-03T16:56:49","guid":{"rendered":"https:\/\/www.marienkaeferbande.de\/?page_id=33"},"modified":"2020-02-03T18:15:42","modified_gmt":"2020-02-03T17:15:42","slug":"impressum-datensicherheit","status":"publish","type":"page","link":"https:\/\/www.marienkaeferbande.de\/?page_id=33","title":{"rendered":"Impressum &#038; Datensicherheit"},"content":{"rendered":"\n<p><strong>Inhaber der Website www.marienkaeferbande.de und verantwortlich f\u00fcr deren Inhalt ist:<\/strong><\/p>\n\n\n\n<p>Gundra Gr\u00e4nitz<\/p>\n\n\n\n<p>Tiergartenweg 5<\/p>\n\n\n\n<p>09221 Neukirchen &#8211; Adorf<\/p>\n\n\n\n<p>Tel. 0171-3888456<\/p>\n\n\n\n<p><strong>Mail:<\/strong> info (at) marienkaeferbande.de<\/p>\n\n\n\n<p><strong>Fotos: <\/strong>copyright Gundra Gr\u00e4nitz<\/p>\n\n\n\n<p><strong>Berufsbezeichnung: <\/strong>qualifizierte Tagesmutter<\/p>\n\n\n\n<p>mit Pflegeerlaubnis gem\u00e4\u00df \u00a7 23 Abs. 2 SGB VIII zur T\u00e4tigkeit in der Kindertagespflege<\/p>\n\n\n\n<p><strong>zust\u00e4ndige Aufsichtsbeh\u00f6rde <\/strong>Landratsamt Erzgebirgskreis, Stollberg, Sachsen, Deutschland<\/p>\n\n\n\n<p><br><strong>Haftung f\u00fcr Links<\/strong><br>Diese Website kann Links zu externen Webseiten Dritter enthalten, auf deren Inhalte\n ich keinen Einfluss habe. Deshalb kann ich f\u00fcr diese fremden Inhalte \nauch keine Gew\u00e4hr \u00fcbernehmen. F\u00fcr die Inhalte der verlinkten Seiten ist \nstets der jeweilige Anbieter oder Betreiber der Seiten verantwortlich. \nDie verlinkten Seiten wurden zum Zeitpunkt der Verlinkung auf m\u00f6gliche \nRechtsverst\u00f6\u00dfe \u00fcberpr\u00fcft. Rechtswidrige Inhalte waren zum Zeitpunkt der \nVerlinkung nicht erkennbar. Eine permanente inhaltliche Kontrolle der \nverlinkten Seiten ist jedoch ohne konkrete Anhaltspunkteeiner Rechtsverletzung nicht zumutbar. Bei Bekanntwerden von Rechtsverletzungen werde ich derartige Links umgehend entfernen.<\/p>\n\n\n\n<p><br><strong>Urheberrecht<\/strong><br>Die durch den Seitenbetreiber erstellten Inhalte und Werke auf diesen Seiten unterliegen\n dem deutschen Urheberrecht. Die Vervielf\u00e4ltigung, Bearbeitung, \nVerbreitung und jede Art der Verwertung au\u00dferhalb der Grenzen des \nUrheberrechtes bed\u00fcrfen der schriftlichen Zustimmung des jeweiligen \nAutors bzw. Erstellers. Soweit die Inhalte auf dieser Seite nicht vom \nBetreiber erstellt wurden,werden\n die Urheberrechte Dritter beachtet. Insbesondere werden Inhalte Dritter\n als solche gekennzeichnet. Sollten Sie trotzdem auf eine \nUrheberrechtsverletzung aufmerksam werden, bitte ich um einen \nentsprechenden Hinweis. <br>Bei Bekanntwerden von Rechtsverletzungen werde ich derartige Inhalte umgehend entfernen.<br><br>Quellen: eRecht24 Disclaimer<\/p>\n\n\n\n<h1>Datenschutzerkl\u00e4rung<\/h1>\n\n\n\n<p>Verantwortliche Stelle im Sinne der Datenschutzgesetze, insbesondere der EU-Datenschutzgrundverordnung (DSGVO), ist:<\/p>\n\n\n\n<p>Kindertagesbetreuung &#8222;Marienk\u00e4ferbande&#8220; &#8211; Gundra Gr\u00e4nitz<\/p>\n\n\n\n<h2>Ihre Betroffenenrechte<\/h2>\n\n\n\n<p>Unter den angegebenen Kontaktdaten unseres Datenschutzbeauftragten k\u00f6nnen Sie jederzeit folgende Rechte aus\u00fcben:<\/p>\n\n\n\n<ul><li>Auskunft \u00fcber Ihre bei uns gespeicherten Daten und deren Verarbeitung,<\/li><li>Berichtigung unrichtiger personenbezogener Daten,<\/li><li>L\u00f6schung Ihrer bei uns gespeicherten Daten,<\/li><li>Einschr\u00e4nkung der Datenverarbeitung, sofern wir Ihre Daten aufgrund gesetzlicher Pflichten noch nicht l\u00f6schen d\u00fcrfen,<\/li><li>Widerspruch gegen die Verarbeitung Ihrer Daten bei uns und<\/li><li>Daten\u00fcbertragbarkeit, sofern Sie in die Datenverarbeitung eingewilligt haben oder einen Vertrag mit uns abgeschlossen haben.<\/li><\/ul>\n\n\n\n<p>Sofern Sie uns eine Einwilligung erteilt haben, k\u00f6nnen Sie diese jederzeit mit Wirkung f\u00fcr die Zukunft widerrufen.<\/p>\n\n\n\n<p>Sie\n k\u00f6nnen sich jederzeit mit einer Beschwerde an die f\u00fcr Sie zust\u00e4ndige \nAufsichtsbeh\u00f6rde wenden. Ihre zust\u00e4ndige Aufsichtsbeh\u00f6rde richtet sich \nnach dem Bundesland Ihres Wohnsitzes, Ihrer Arbeit oder der mutma\u00dflichen\n Verletzung. Eine Liste der Aufsichtsbeh\u00f6rden (f\u00fcr den nicht\u00f6ffentlichen\n Bereich) mit Anschrift finden Sie unter: <a href=\"https:\/\/www.bfdi.bund.de\/DE\/Infothek\/Anschriften_Links\/anschriften_links-node.html\" target=\"_blank\" rel=\"noreferrer noopener\">https:\/\/www.bfdi.bund.de\/DE\/Infothek\/Anschriften_Links\/anschriften_links-node.html<\/a>.<\/p>\n\n\n\n<h2>Zwecke der Datenverarbeitung durch die verantwortliche Stelle und Dritte<\/h2>\n\n\n\n<p>Wir\n verarbeiten Ihre personenbezogenen Daten nur zu den in dieser \nDatenschutzerkl\u00e4rung genannten Zwecken. Eine \u00dcbermittlung Ihrer \npers\u00f6nlichen Daten an Dritte zu anderen als den genannten Zwecken findet\n nicht statt. Wir geben Ihre pers\u00f6nlichen Daten nur an Dritte weiter, \nwenn:<\/p>\n\n\n\n<ul><li>Sie Ihre ausdr\u00fcckliche Einwilligung dazu erteilt haben,<\/li><li>die Verarbeitung zur Abwicklung eines Vertrags mit Ihnen erforderlich ist,<\/li><li>die Verarbeitung zur Erf\u00fcllung einer rechtlichen Verpflichtung erforderlich ist,<\/li><\/ul>\n\n\n\n<p>die\n Verarbeitung zur Wahrung berechtigter Interessen erforderlich ist und \nkein Grund zur Annahme besteht, dass Sie ein \u00fcberwiegendes \nschutzw\u00fcrdiges Interesse an der Nichtweitergabe Ihrer Daten haben.<\/p>\n\n\n\n<h2>L\u00f6schung bzw. Sperrung der Daten<\/h2>\n\n\n\n<p>Wir\n halten uns an die Grunds\u00e4tze der Datenvermeidung und Datensparsamkeit. \nWir speichern Ihre personenbezogenen Daten daher nur so lange, wie dies \nzur Erreichung der hier genannten Zwecke erforderlich ist oder wie es \ndie vom Gesetzgeber vorgesehenen vielf\u00e4ltigen Speicherfristen vorsehen. \nNach Fortfall des jeweiligen Zweckes bzw. Ablauf dieser Fristen werden \ndie entsprechenden Daten routinem\u00e4\u00dfig und entsprechend den gesetzlichen \nVorschriften gesperrt oder gel\u00f6scht.<\/p>\n\n\n\n<h2>Cookies<\/h2>\n\n\n\n<p>Wie\n viele andere Webseiten verwenden wir auch so genannte \u201eCookies\u201c. \nCookies sind kleine Textdateien, die von einem Websiteserver auf Ihre \nFestplatte \u00fcbertragen werden. Hierdurch erhalten wir automatisch \nbestimmte Daten wie z. B. IP-Adresse, verwendeter Browser, \nBetriebssystem und Ihre Verbindung zum Internet.<\/p>\n\n\n\n<p>Cookies\n k\u00f6nnen nicht verwendet werden, um Programme zu starten oder Viren auf \neinen Computer zu \u00fcbertragen. Anhand der in Cookies enthaltenen \nInformationen k\u00f6nnen wir Ihnen die Navigation erleichtern und die \nkorrekte Anzeige unserer Webseiten erm\u00f6glichen.<\/p>\n\n\n\n<p>In\n keinem Fall werden die von uns erfassten Daten an Dritte weitergegeben \noder ohne Ihre Einwilligung eine Verkn\u00fcpfung mit personenbezogenen Daten\n hergestellt.<\/p>\n\n\n\n<p>Nat\u00fcrlich\n k\u00f6nnen Sie unsere Website grunds\u00e4tzlich auch ohne Cookies betrachten. \nInternet-Browser sind regelm\u00e4\u00dfig so eingestellt, dass sie Cookies \nakzeptieren. Im Allgemeinen k\u00f6nnen Sie die Verwendung von Cookies \njederzeit \u00fcber die Einstellungen Ihres Browsers deaktivieren. Bitte \nverwenden Sie die Hilfefunktionen Ihres Internetbrowsers, um zu \nerfahren, wie Sie diese Einstellungen \u00e4ndern k\u00f6nnen. Bitte beachten Sie,\n dass einzelne Funktionen unserer Website m\u00f6glicherweise nicht \nfunktionieren, wenn Sie die Verwendung von Cookies deaktiviert haben.<\/p>\n\n\n\n<h2>Registrierung auf unserer Webseite<\/h2>\n\n\n\n<p>Bei\n der Registrierung f\u00fcr die Nutzung unserer personalisierten Leistungen \nwerden einige personenbezogene Daten erhoben, wie Name, Anschrift, \nKontakt- und Kommunikationsdaten wie Telefonnummer und E-Mail-Adresse. \nSind Sie bei uns registriert, k\u00f6nnen Sie auf Inhalte und Leistungen \nzugreifen, die wir nur registrierten Nutzern anbieten. Angemeldete \nNutzer haben zudem die M\u00f6glichkeit, bei Bedarf die bei Registrierung \nangegebenen Daten jederzeit zu \u00e4ndern oder zu l\u00f6schen. \nSelbstverst\u00e4ndlich erteilen wir Ihnen dar\u00fcber hinaus jederzeit Auskunft \n\u00fcber die von uns \u00fcber Sie gespeicherten personenbezogenen Daten. Gerne \nberichtigen bzw. l\u00f6schen wir diese auch auf Ihren Wunsch, soweit keine \ngesetzlichen Aufbewahrungspflichten entgegenstehen. Zur Kontaktaufnahme \nin diesem Zusammenhang nutzen Sie bitte die am Ende dieser \nDatenschutzerkl\u00e4rung angegebenen Kontaktdaten.<\/p>\n\n\n\n<h2>SSL-Verschl\u00fcsselung<\/h2>\n\n\n\n<p>Um\n die Sicherheit Ihrer Daten bei der \u00dcbertragung zu sch\u00fctzen, verwenden \nwir dem aktuellen Stand der Technik entsprechende \nVerschl\u00fcsselungsverfahren (z. B. SSL) \u00fcber HTTPS.<\/p>\n\n\n\n<h2>Kommentarfunktion<\/h2>\n\n\n\n<p>Wenn\n Nutzer Kommentare auf unserer Website hinterlassen, werden neben diesen\n Angaben auch der Zeitpunkt ihrer Erstellung und der zuvor durch den \nWebsitebesucher gew\u00e4hlte Nutzername gespeichert. Dies dient unserer \nSicherheit, da wir f\u00fcr widerrechtliche Inhalte auf unserer Webseite \nbelangt werden k\u00f6nnen, auch wenn diese durch Benutzer erstellt wurden.<\/p>\n\n\n\n<h2>Kontaktformular<\/h2>\n\n\n\n<p>Treten\n Sie bzgl. Fragen jeglicher Art per E-Mail oder Kontaktformular mit uns \nin Kontakt, erteilen Sie uns zum Zwecke der Kontaktaufnahme Ihre \nfreiwillige Einwilligung. Hierf\u00fcr ist die Angabe einer validen \nE-Mail-Adresse erforderlich. Diese dient der Zuordnung der Anfrage und \nder anschlie\u00dfenden Beantwortung derselben. Die Angabe weiterer Daten ist\n optional. Die von Ihnen gemachten Angaben werden zum Zwecke der \nBearbeitung der Anfrage sowie f\u00fcr m\u00f6gliche Anschlussfragen gespeichert. \nNach Erledigung der von Ihnen gestellten Anfrage werden personenbezogene\n Daten automatisch gel\u00f6scht.<\/p>\n\n\n\n<h2><strong>\u00c4nderung unserer Datenschutzbestimmungen<\/strong><\/h2>\n\n\n\n<p>Wir\n behalten uns vor, diese Datenschutzerkl\u00e4rung anzupassen, damit sie \nstets den aktuellen rechtlichen Anforderungen entspricht oder um \n\u00c4nderungen unserer Leistungen in der Datenschutzerkl\u00e4rung umzusetzen, \nz.B. bei der Einf\u00fchrung neuer Services. F\u00fcr Ihren erneuten Besuch gilt \ndann die neue Datenschutzerkl\u00e4rung.<\/p>\n\n\n\n<h2><strong>Fragen an den Datenschutzbeauftragten<\/strong><\/h2>\n\n\n\n<p>Wenn\n Sie Fragen zum Datenschutz haben, schreiben Sie uns bitte eine E-Mail \noder wenden Sie sich direkt an die f\u00fcr den Datenschutz verantwortliche \nPerson in unserer Organisation:<\/p>\n\n\n\n<p><em>Die Datenschutzerkl\u00e4rung wurde mit dem <\/em><a href=\"https:\/\/www.activemind.de\/datenschutz\/datenschutzhinweis-generator\/\" target=\"_blank\" rel=\"noreferrer noopener\"><em>Datenschutzerkl\u00e4rungs-Generator der activeMind AG erstellt<\/em><\/a><em>.<\/em><\/p>\n","protected":false},"excerpt":{"rendered":"<p>Inhaber der Website www.marienkaeferbande.de und verantwortlich f\u00fcr deren Inhalt ist: Gundra Gr\u00e4nitz Tiergartenweg 5 09221 Neukirchen &#8211; Adorf Tel. 0171-3888456 Mail: info (at) marienkaeferbande.de Fotos: copyright Gundra Gr\u00e4nitz Berufsbezeichnung: qualifizierte Tagesmutter mit Pflegeerlaubnis gem\u00e4\u00df \u00a7 23 Abs. 2 SGB VIII [&hellip;]<\/p>\n","protected":false},"author":1,"featured_media":0,"parent":0,"menu_order":0,"comment_status":"closed","ping_status":"closed","template":"","meta":[],"_links":{"self":[{"href":"https:\/\/www.marienkaeferbande.de\/index.php?rest_route=\/wp\/v2\/pages\/33"}],"collection":[{"href":"https:\/\/www.marienkaeferbande.de\/index.php?rest_route=\/wp\/v2\/pages"}],"about":[{"href":"https:\/\/www.marienkaeferbande.de\/index.php?rest_route=\/wp\/v2\/types\/page"}],"author":[{"embeddable":true,"href":"https:\/\/www.marienkaeferbande.de\/index.php?rest_route=\/wp\/v2\/users\/1"}],"replies":[{"embeddable":true,"href":"https:\/\/www.marienkaeferbande.de\/index.php?rest_route=%2Fwp%2Fv2%2Fcomments&post=33"}],"version-history":[{"count":2,"href":"https:\/\/www.marienkaeferbande.de\/index.php?rest_route=\/wp\/v2\/pages\/33\/revisions"}],"predecessor-version":[{"id":39,"href":"https:\/\/www.marienkaeferbande.de\/index.php?rest_route=\/wp\/v2\/pages\/33\/revisions\/39"}],"wp:attachment":[{"href":"https:\/\/www.marienkaeferbande.de\/index.php?rest_route=%2Fwp%2Fv2%2Fmedia&parent=33"}],"curies":[{"name":"wp","href":"https:\/\/api.w.org\/{rel}","templated":true}]}}